{"id":1812,"date":"2021-10-01T11:14:36","date_gmt":"2021-10-01T09:14:36","guid":{"rendered":"https:\/\/agencecommunication360.com\/?page_id=1812"},"modified":"2025-03-05T11:41:46","modified_gmt":"2025-03-05T10:41:46","slug":"nos-realisations","status":"publish","type":"page","link":"https:\/\/agencecommunication360.com\/index.php\/nos-realisations\/","title":{"rendered":"Nos r\u00e9alisations"},"content":{"rendered":"\t\t<div data-elementor-type=\"wp-page\" data-elementor-id=\"1812\" class=\"elementor elementor-1812\" data-elementor-post-type=\"page\">\n\t\t\t\t<div class=\"elementor-element elementor-element-9a85232 e-con-full e-flex elementor-invisible e-con e-parent\" data-id=\"9a85232\" data-element_type=\"container\" data-e-type=\"container\" data-settings=\"{&quot;animation&quot;:&quot;fadeInUp&quot;}\">\n\t\t<div class=\"elementor-element elementor-element-00aec98 e-flex e-con-boxed e-con e-child\" data-id=\"00aec98\" data-element_type=\"container\" data-e-type=\"container\">\n\t\t\t\t\t<div class=\"e-con-inner\">\n\t\t\t\t<div class=\"elementor-element elementor-element-1e658e5 premium-header-inline premium-lq__none premium-box-lq__none elementor-widget elementor-widget-premium-addon-dual-header\" data-id=\"1e658e5\" data-element_type=\"widget\" data-e-type=\"widget\" data-widget_type=\"premium-addon-dual-header.default\">\n\t\t\t\t\t\n\t\t<div class=\"elementor-widget-container\">\n\t\t\t\t\t<h2 class=\"premium-dual-header-first-header \"><span class=\"premium-dual-header-first-span\">Nos projets  <\/span><span class=\"premium-dual-header-second-header \">coup de coeur.<\/span><\/h2> \t\t\t\t<\/div>\n\n\t\t\t\t\t\t<\/div>\n\t\t\t\t<div class=\"elementor-element elementor-element-7a63912 elementor-widget elementor-widget-text-editor\" data-id=\"7a63912\" data-element_type=\"widget\" data-e-type=\"widget\" data-widget_type=\"text-editor.default\">\n\t\t\t\t\t\t\t\t\t<div class=\"flex max-w-full flex-col flex-grow\"><div class=\"min-h-8 text-message flex w-full flex-col items-end gap-2 whitespace-normal break-words text-start [.text-message+&amp;]:mt-5\" dir=\"auto\" data-message-author-role=\"assistant\" data-message-id=\"d5b937ee-9a89-4f18-9e31-734f32c2e821\" data-message-model-slug=\"gpt-4o\"><div class=\"flex w-full flex-col gap-1 empty:hidden first:pt-[3px]\"><div class=\"markdown prose w-full break-words dark:prose-invert dark\"><p>\u00c0 l&rsquo;Agence Communication 360, nous cr\u00e9ons des strat\u00e9gies de communication sur mesure et des exp\u00e9riences \u00e9v\u00e9nementielles inoubliables pour valoriser votre marque et captiver votre audience. Du branding au digital, en passant par le print, la publicit\u00e9 et l\u2019\u00e9v\u00e9nementiel, nous combinons cr\u00e9ativit\u00e9 et expertise pour donner \u00e0 votre message la visibilit\u00e9 qu\u2019il m\u00e9rite. Qu\u2019il s\u2019agisse de campagnes percutantes ou de moments marquants comme des lancements de produits, des conf\u00e9rences ou des activations de marque, notre \u00e9quipe transforme chaque projet en un levier de croissance puissant et un instant impactant.<\/p><\/div><\/div><\/div><\/div>\t\t\t\t\t\t\t\t<\/div>\n\t\t\t\t\t<\/div>\n\t\t\t\t<\/div>\n\t\t\t\t<div class=\"elementor-element elementor-element-02f6099 premium-blog-align-center elementor-widget elementor-widget-premium-addon-blog\" data-id=\"02f6099\" data-element_type=\"widget\" data-e-type=\"widget\" data-settings=\"{&quot;force_height&quot;:&quot;true&quot;,&quot;premium_blog_columns_number&quot;:&quot;25%&quot;,&quot;premium_blog_grid&quot;:&quot;yes&quot;,&quot;premium_blog_layout&quot;:&quot;even&quot;,&quot;premium_blog_columns_number_tablet&quot;:&quot;50%&quot;,&quot;premium_blog_columns_number_mobile&quot;:&quot;100%&quot;}\" data-widget_type=\"premium-addon-blog.default\">\n\t\t\t\t\t\n\t\t\n\n\t\t\t\t<div class=\"premium-blog-wrap  premium-blog-even\" data-page=\"1812\">\n\t\t\t\t\t\t\t\t\t<div class=\"premium-blog-post-outer-container\" data-total=\"1\">\n\t\t\t<div class=\"premium-blog-post-container premium-blog-skin-banner\">\n\t\t\t\t\t\t\t\t\t<div class=\"premium-blog-thumb-effect-wrapper\">\n\t\t\t\t\t\t<div class=\"premium-blog-thumbnail-container premium-blog-zoomin-effect\">\n\t\t\t\t\t\t\t<img fetchpriority=\"high\" decoding=\"async\" width=\"1000\" height=\"1000\" src=\"https:\/\/agencecommunication360.com\/wp-content\/uploads\/2025\/02\/nutricia-for-360.png\" class=\"attachment-full size-full wp-image-6595\" alt=\"\" srcset=\"https:\/\/agencecommunication360.com\/wp-content\/uploads\/2025\/02\/nutricia-for-360.png 1000w, https:\/\/agencecommunication360.com\/wp-content\/uploads\/2025\/02\/nutricia-for-360-300x300.png 300w, https:\/\/agencecommunication360.com\/wp-content\/uploads\/2025\/02\/nutricia-for-360-150x150.png 150w, https:\/\/agencecommunication360.com\/wp-content\/uploads\/2025\/02\/nutricia-for-360-768x768.png 768w\" sizes=\"(max-width: 1000px) 100vw, 1000px\" \/>\t\t\t\t\t\t<\/div>\n\t\t\t\t\t\t\t\t\t\t\t\t\t<div class=\"premium-blog-thumbnail-overlay\">\n\t\t\t\t\t\t\t\t<a class=\"elementor-icon\" href=\"https:\/\/agencecommunication360.com\/index.php\/2025\/02\/18\/nutricia-x-jdi\/\" target=\"_self\"><\/a>\n\t\t\t\t\t\t\t<\/div>\n\n\t\t\t\t\t\t\t\t\t\t\t\t\t\t\t\t\t\t<\/div>\n\t\t\t\t\t\t\t\t\t\t\t\t<div class=\"premium-blog-content-wrapper \">\n\n\t\t\t\t\t<div class=\"premium-blog-inner-container\">\n\n\t\t\t\t\t\t\t\t\t\t\t\t\t\t<h2 class=\"premium-blog-entry-title\">\n\t\t\t<a href=\"https:\/\/agencecommunication360.com\/index.php\/2025\/02\/18\/nutricia-x-jdi\/\" target=\"_self\">\n\t\t\t\tNutricia\t\t\t<\/a>\n\t\t<\/h2>\n\t\t\t\t<div class=\"premium-blog-entry-meta\">\n\t\t\t\n\t\t\t\n\t\t\t\n\t\t\t\t\t<\/div>\n\t\t\n\t\t\t\t\t<\/div>\n\n\t\t\t\t\t\t\t\t\t\t\n\t\t\t\t<\/div>\n\t\t\t<\/div>\n\t\t<\/div>\n\n\t\t\t\t<div class=\"premium-blog-post-outer-container\" data-total=\"1\">\n\t\t\t<div class=\"premium-blog-post-container premium-blog-skin-banner\">\n\t\t\t\t\t\t\t\t\t<div class=\"premium-blog-thumb-effect-wrapper\">\n\t\t\t\t\t\t<div class=\"premium-blog-thumbnail-container premium-blog-zoomin-effect\">\n\t\t\t\t\t\t\t<img decoding=\"async\" width=\"1000\" height=\"1000\" src=\"https:\/\/agencecommunication360.com\/wp-content\/uploads\/2025\/02\/amazon-for-360.png\" class=\"attachment-full size-full wp-image-6589\" alt=\"\" srcset=\"https:\/\/agencecommunication360.com\/wp-content\/uploads\/2025\/02\/amazon-for-360.png 1000w, https:\/\/agencecommunication360.com\/wp-content\/uploads\/2025\/02\/amazon-for-360-300x300.png 300w, https:\/\/agencecommunication360.com\/wp-content\/uploads\/2025\/02\/amazon-for-360-150x150.png 150w, https:\/\/agencecommunication360.com\/wp-content\/uploads\/2025\/02\/amazon-for-360-768x768.png 768w\" sizes=\"(max-width: 1000px) 100vw, 1000px\" \/>\t\t\t\t\t\t<\/div>\n\t\t\t\t\t\t\t\t\t\t\t\t\t<div class=\"premium-blog-thumbnail-overlay\">\n\t\t\t\t\t\t\t\t<a class=\"elementor-icon\" href=\"https:\/\/agencecommunication360.com\/index.php\/2025\/02\/18\/amazon-x-jdi\/\" target=\"_self\"><\/a>\n\t\t\t\t\t\t\t<\/div>\n\n\t\t\t\t\t\t\t\t\t\t\t\t\t\t\t\t\t\t<\/div>\n\t\t\t\t\t\t\t\t\t\t\t\t<div class=\"premium-blog-content-wrapper \">\n\n\t\t\t\t\t<div class=\"premium-blog-inner-container\">\n\n\t\t\t\t\t\t\t\t\t\t\t\t\t\t<h2 class=\"premium-blog-entry-title\">\n\t\t\t<a href=\"https:\/\/agencecommunication360.com\/index.php\/2025\/02\/18\/amazon-x-jdi\/\" target=\"_self\">\n\t\t\t\tAmazon\t\t\t<\/a>\n\t\t<\/h2>\n\t\t\t\t<div class=\"premium-blog-entry-meta\">\n\t\t\t\n\t\t\t\n\t\t\t\n\t\t\t\t\t<\/div>\n\t\t\n\t\t\t\t\t<\/div>\n\n\t\t\t\t\t\t\t\t\t\t\n\t\t\t\t<\/div>\n\t\t\t<\/div>\n\t\t<\/div>\n\n\t\t\t\t<div class=\"premium-blog-post-outer-container\" data-total=\"1\">\n\t\t\t<div class=\"premium-blog-post-container premium-blog-skin-banner\">\n\t\t\t\t\t\t\t\t\t<div class=\"premium-blog-thumb-effect-wrapper\">\n\t\t\t\t\t\t<div class=\"premium-blog-thumbnail-container premium-blog-zoomin-effect\">\n\t\t\t\t\t\t\t<img decoding=\"async\" width=\"1000\" height=\"1000\" src=\"https:\/\/agencecommunication360.com\/wp-content\/uploads\/2025\/02\/snb-for-360.png\" class=\"attachment-full size-full wp-image-6596\" alt=\"\" srcset=\"https:\/\/agencecommunication360.com\/wp-content\/uploads\/2025\/02\/snb-for-360.png 1000w, https:\/\/agencecommunication360.com\/wp-content\/uploads\/2025\/02\/snb-for-360-300x300.png 300w, https:\/\/agencecommunication360.com\/wp-content\/uploads\/2025\/02\/snb-for-360-150x150.png 150w, https:\/\/agencecommunication360.com\/wp-content\/uploads\/2025\/02\/snb-for-360-768x768.png 768w\" sizes=\"(max-width: 1000px) 100vw, 1000px\" \/>\t\t\t\t\t\t<\/div>\n\t\t\t\t\t\t\t\t\t\t\t\t\t<div class=\"premium-blog-thumbnail-overlay\">\n\t\t\t\t\t\t\t\t<a class=\"elementor-icon\" href=\"https:\/\/agencecommunication360.com\/index.php\/2025\/02\/06\/snb-lcl\/\" target=\"_self\"><\/a>\n\t\t\t\t\t\t\t<\/div>\n\n\t\t\t\t\t\t\t\t\t\t\t\t\t\t\t\t\t\t<\/div>\n\t\t\t\t\t\t\t\t\t\t\t\t<div class=\"premium-blog-content-wrapper \">\n\n\t\t\t\t\t<div class=\"premium-blog-inner-container\">\n\n\t\t\t\t\t\t\t\t\t\t\t\t\t\t<h2 class=\"premium-blog-entry-title\">\n\t\t\t<a href=\"https:\/\/agencecommunication360.com\/index.php\/2025\/02\/06\/snb-lcl\/\" target=\"_self\">\n\t\t\t\tSyndicat National de la Banque LCL\t\t\t<\/a>\n\t\t<\/h2>\n\t\t\t\t<div class=\"premium-blog-entry-meta\">\n\t\t\t\n\t\t\t\n\t\t\t\n\t\t\t\t\t<\/div>\n\t\t\n\t\t\t\t\t<\/div>\n\n\t\t\t\t\t\t\t\t\t\t\n\t\t\t\t<\/div>\n\t\t\t<\/div>\n\t\t<\/div>\n\n\t\t\t\t<div class=\"premium-blog-post-outer-container\" data-total=\"1\">\n\t\t\t<div class=\"premium-blog-post-container premium-blog-skin-banner\">\n\t\t\t\t\t\t\t\t\t<div class=\"premium-blog-thumb-effect-wrapper\">\n\t\t\t\t\t\t<div class=\"premium-blog-thumbnail-container premium-blog-zoomin-effect\">\n\t\t\t\t\t\t\t<img loading=\"lazy\" decoding=\"async\" width=\"1000\" height=\"1000\" src=\"https:\/\/agencecommunication360.com\/wp-content\/uploads\/2025\/02\/gra-for-360.png\" class=\"attachment-full size-full wp-image-6591\" alt=\"\" srcset=\"https:\/\/agencecommunication360.com\/wp-content\/uploads\/2025\/02\/gra-for-360.png 1000w, https:\/\/agencecommunication360.com\/wp-content\/uploads\/2025\/02\/gra-for-360-300x300.png 300w, https:\/\/agencecommunication360.com\/wp-content\/uploads\/2025\/02\/gra-for-360-150x150.png 150w, https:\/\/agencecommunication360.com\/wp-content\/uploads\/2025\/02\/gra-for-360-768x768.png 768w\" sizes=\"(max-width: 1000px) 100vw, 1000px\" \/>\t\t\t\t\t\t<\/div>\n\t\t\t\t\t\t\t\t\t\t\t\t\t<div class=\"premium-blog-thumbnail-overlay\">\n\t\t\t\t\t\t\t\t<a class=\"elementor-icon\" href=\"https:\/\/agencecommunication360.com\/index.php\/2025\/02\/06\/groupe-richelieu-automobile\/\" target=\"_self\"><\/a>\n\t\t\t\t\t\t\t<\/div>\n\n\t\t\t\t\t\t\t\t\t\t\t\t\t\t\t\t\t\t<\/div>\n\t\t\t\t\t\t\t\t\t\t\t\t<div class=\"premium-blog-content-wrapper \">\n\n\t\t\t\t\t<div class=\"premium-blog-inner-container\">\n\n\t\t\t\t\t\t\t\t\t\t\t\t\t\t<h2 class=\"premium-blog-entry-title\">\n\t\t\t<a href=\"https:\/\/agencecommunication360.com\/index.php\/2025\/02\/06\/groupe-richelieu-automobile\/\" target=\"_self\">\n\t\t\t\tGroupe Richelieu Automobile\t\t\t<\/a>\n\t\t<\/h2>\n\t\t\t\t<div class=\"premium-blog-entry-meta\">\n\t\t\t\n\t\t\t\n\t\t\t\n\t\t\t\t\t<\/div>\n\t\t\n\t\t\t\t\t<\/div>\n\n\t\t\t\t\t\t\t\t\t\t\n\t\t\t\t<\/div>\n\t\t\t<\/div>\n\t\t<\/div>\n\n\t\t\t\t<div class=\"premium-blog-post-outer-container\" data-total=\"1\">\n\t\t\t<div class=\"premium-blog-post-container premium-blog-skin-banner\">\n\t\t\t\t\t\t\t\t\t<div class=\"premium-blog-thumb-effect-wrapper\">\n\t\t\t\t\t\t<div class=\"premium-blog-thumbnail-container premium-blog-zoomin-effect\">\n\t\t\t\t\t\t\t<img loading=\"lazy\" decoding=\"async\" width=\"1000\" height=\"1000\" src=\"https:\/\/agencecommunication360.com\/wp-content\/uploads\/2025\/02\/nw-for-360.png\" class=\"attachment-full size-full wp-image-6594\" alt=\"\" srcset=\"https:\/\/agencecommunication360.com\/wp-content\/uploads\/2025\/02\/nw-for-360.png 1000w, https:\/\/agencecommunication360.com\/wp-content\/uploads\/2025\/02\/nw-for-360-300x300.png 300w, https:\/\/agencecommunication360.com\/wp-content\/uploads\/2025\/02\/nw-for-360-150x150.png 150w, https:\/\/agencecommunication360.com\/wp-content\/uploads\/2025\/02\/nw-for-360-768x768.png 768w\" sizes=\"(max-width: 1000px) 100vw, 1000px\" \/>\t\t\t\t\t\t<\/div>\n\t\t\t\t\t\t\t\t\t\t\t\t\t<div class=\"premium-blog-thumbnail-overlay\">\n\t\t\t\t\t\t\t\t<a class=\"elementor-icon\" href=\"https:\/\/agencecommunication360.com\/index.php\/2025\/02\/06\/new-work\/\" target=\"_self\"><\/a>\n\t\t\t\t\t\t\t<\/div>\n\n\t\t\t\t\t\t\t\t\t\t\t\t\t\t\t\t\t\t<\/div>\n\t\t\t\t\t\t\t\t\t\t\t\t<div class=\"premium-blog-content-wrapper \">\n\n\t\t\t\t\t<div class=\"premium-blog-inner-container\">\n\n\t\t\t\t\t\t\t\t\t\t\t\t\t\t<h2 class=\"premium-blog-entry-title\">\n\t\t\t<a href=\"https:\/\/agencecommunication360.com\/index.php\/2025\/02\/06\/new-work\/\" target=\"_self\">\n\t\t\t\tNew Work\t\t\t<\/a>\n\t\t<\/h2>\n\t\t\t\t<div class=\"premium-blog-entry-meta\">\n\t\t\t\n\t\t\t\n\t\t\t\n\t\t\t\t\t<\/div>\n\t\t\n\t\t\t\t\t<\/div>\n\n\t\t\t\t\t\t\t\t\t\t\n\t\t\t\t<\/div>\n\t\t\t<\/div>\n\t\t<\/div>\n\n\t\t\t\t<div class=\"premium-blog-post-outer-container\" data-total=\"1\">\n\t\t\t<div class=\"premium-blog-post-container premium-blog-skin-banner\">\n\t\t\t\t\t\t\t\t\t<div class=\"premium-blog-thumb-effect-wrapper\">\n\t\t\t\t\t\t<div class=\"premium-blog-thumbnail-container premium-blog-zoomin-effect\">\n\t\t\t\t\t\t\t<img loading=\"lazy\" decoding=\"async\" width=\"1000\" height=\"1000\" src=\"https:\/\/agencecommunication360.com\/wp-content\/uploads\/2025\/02\/jdi-for-360.png\" class=\"attachment-full size-full wp-image-6593\" alt=\"\" srcset=\"https:\/\/agencecommunication360.com\/wp-content\/uploads\/2025\/02\/jdi-for-360.png 1000w, https:\/\/agencecommunication360.com\/wp-content\/uploads\/2025\/02\/jdi-for-360-300x300.png 300w, https:\/\/agencecommunication360.com\/wp-content\/uploads\/2025\/02\/jdi-for-360-150x150.png 150w, https:\/\/agencecommunication360.com\/wp-content\/uploads\/2025\/02\/jdi-for-360-768x768.png 768w\" sizes=\"(max-width: 1000px) 100vw, 1000px\" \/>\t\t\t\t\t\t<\/div>\n\t\t\t\t\t\t\t\t\t\t\t\t\t<div class=\"premium-blog-thumbnail-overlay\">\n\t\t\t\t\t\t\t\t<a class=\"elementor-icon\" href=\"https:\/\/agencecommunication360.com\/index.php\/2025\/02\/03\/journees-des-infirmiers\/\" target=\"_self\"><\/a>\n\t\t\t\t\t\t\t<\/div>\n\n\t\t\t\t\t\t\t\t\t\t\t\t\t\t\t\t\t\t<\/div>\n\t\t\t\t\t\t\t\t\t\t\t\t<div class=\"premium-blog-content-wrapper \">\n\n\t\t\t\t\t<div class=\"premium-blog-inner-container\">\n\n\t\t\t\t\t\t\t\t\t\t\t\t\t\t<h2 class=\"premium-blog-entry-title\">\n\t\t\t<a href=\"https:\/\/agencecommunication360.com\/index.php\/2025\/02\/03\/journees-des-infirmiers\/\" target=\"_self\">\n\t\t\t\tJourn\u00e9es des Infirmiers\t\t\t<\/a>\n\t\t<\/h2>\n\t\t\t\t<div class=\"premium-blog-entry-meta\">\n\t\t\t\n\t\t\t\n\t\t\t\n\t\t\t\t\t<\/div>\n\t\t\n\t\t\t\t\t<\/div>\n\n\t\t\t\t\t\t\t\t\t\t\n\t\t\t\t<\/div>\n\t\t\t<\/div>\n\t\t<\/div>\n\n\t\t\t\t<div class=\"premium-blog-post-outer-container\" data-total=\"1\">\n\t\t\t<div class=\"premium-blog-post-container premium-blog-skin-banner\">\n\t\t\t\t\t\t\t\t\t<div class=\"premium-blog-thumb-effect-wrapper\">\n\t\t\t\t\t\t<div class=\"premium-blog-thumbnail-container premium-blog-zoomin-effect\">\n\t\t\t\t\t\t\t<img loading=\"lazy\" decoding=\"async\" width=\"1000\" height=\"1000\" src=\"https:\/\/agencecommunication360.com\/wp-content\/uploads\/2025\/02\/festi-for-360.png\" class=\"attachment-full size-full wp-image-6590\" alt=\"\" srcset=\"https:\/\/agencecommunication360.com\/wp-content\/uploads\/2025\/02\/festi-for-360.png 1000w, https:\/\/agencecommunication360.com\/wp-content\/uploads\/2025\/02\/festi-for-360-300x300.png 300w, https:\/\/agencecommunication360.com\/wp-content\/uploads\/2025\/02\/festi-for-360-150x150.png 150w, https:\/\/agencecommunication360.com\/wp-content\/uploads\/2025\/02\/festi-for-360-768x768.png 768w\" sizes=\"(max-width: 1000px) 100vw, 1000px\" \/>\t\t\t\t\t\t<\/div>\n\t\t\t\t\t\t\t\t\t\t\t\t\t<div class=\"premium-blog-thumbnail-overlay\">\n\t\t\t\t\t\t\t\t<a class=\"elementor-icon\" href=\"https:\/\/agencecommunication360.com\/index.php\/2025\/01\/31\/festibulles\/\" target=\"_self\"><\/a>\n\t\t\t\t\t\t\t<\/div>\n\n\t\t\t\t\t\t\t\t\t\t\t\t\t\t\t\t\t\t<\/div>\n\t\t\t\t\t\t\t\t\t\t\t\t<div class=\"premium-blog-content-wrapper \">\n\n\t\t\t\t\t<div class=\"premium-blog-inner-container\">\n\n\t\t\t\t\t\t\t\t\t\t\t\t\t\t<h2 class=\"premium-blog-entry-title\">\n\t\t\t<a href=\"https:\/\/agencecommunication360.com\/index.php\/2025\/01\/31\/festibulles\/\" target=\"_self\">\n\t\t\t\tFestibulles\t\t\t<\/a>\n\t\t<\/h2>\n\t\t\t\t<div class=\"premium-blog-entry-meta\">\n\t\t\t\n\t\t\t\n\t\t\t\n\t\t\t\t\t<\/div>\n\t\t\n\t\t\t\t\t<\/div>\n\n\t\t\t\t\t\t\t\t\t\t\n\t\t\t\t<\/div>\n\t\t\t<\/div>\n\t\t<\/div>\n\n\t\t\t\t<div class=\"premium-blog-post-outer-container\" data-total=\"1\">\n\t\t\t<div class=\"premium-blog-post-container premium-blog-skin-banner\">\n\t\t\t\t\t\t\t\t\t<div class=\"premium-blog-thumb-effect-wrapper\">\n\t\t\t\t\t\t<div class=\"premium-blog-thumbnail-container premium-blog-zoomin-effect\">\n\t\t\t\t\t\t\t<img loading=\"lazy\" decoding=\"async\" width=\"1000\" height=\"1000\" src=\"https:\/\/agencecommunication360.com\/wp-content\/uploads\/2025\/02\/lagrange-for-360.png\" class=\"attachment-full size-full wp-image-6592\" alt=\"\" srcset=\"https:\/\/agencecommunication360.com\/wp-content\/uploads\/2025\/02\/lagrange-for-360.png 1000w, https:\/\/agencecommunication360.com\/wp-content\/uploads\/2025\/02\/lagrange-for-360-300x300.png 300w, https:\/\/agencecommunication360.com\/wp-content\/uploads\/2025\/02\/lagrange-for-360-150x150.png 150w, https:\/\/agencecommunication360.com\/wp-content\/uploads\/2025\/02\/lagrange-for-360-768x768.png 768w\" sizes=\"(max-width: 1000px) 100vw, 1000px\" \/>\t\t\t\t\t\t<\/div>\n\t\t\t\t\t\t\t\t\t\t\t\t\t<div class=\"premium-blog-thumbnail-overlay\">\n\t\t\t\t\t\t\t\t<a class=\"elementor-icon\" href=\"https:\/\/agencecommunication360.com\/index.php\/2025\/01\/28\/chateau-lagrange\/\" target=\"_self\"><\/a>\n\t\t\t\t\t\t\t<\/div>\n\n\t\t\t\t\t\t\t\t\t\t\t\t\t\t\t\t\t\t<\/div>\n\t\t\t\t\t\t\t\t\t\t\t\t<div class=\"premium-blog-content-wrapper \">\n\n\t\t\t\t\t<div class=\"premium-blog-inner-container\">\n\n\t\t\t\t\t\t\t\t\t\t\t\t\t\t<h2 class=\"premium-blog-entry-title\">\n\t\t\t<a href=\"https:\/\/agencecommunication360.com\/index.php\/2025\/01\/28\/chateau-lagrange\/\" target=\"_self\">\n\t\t\t\tChateau Lagrange\t\t\t<\/a>\n\t\t<\/h2>\n\t\t\t\t<div class=\"premium-blog-entry-meta\">\n\t\t\t\n\t\t\t\n\t\t\t\n\t\t\t\t\t<\/div>\n\t\t\n\t\t\t\t\t<\/div>\n\n\t\t\t\t\t\t\t\t\t\t\n\t\t\t\t<\/div>\n\t\t\t<\/div>\n\t\t<\/div>\n\n\t\t\t\t\t\t\t<\/div>\n\n\t\t\n\t\t\n\t\t\t\t\t\t<\/div>\n\t\t\t\t<div class=\"elementor-element elementor-element-76d56c5 elementor-widget elementor-widget-text-editor\" data-id=\"76d56c5\" data-element_type=\"widget\" data-e-type=\"widget\" data-widget_type=\"text-editor.default\">\n\t\t\t\t\t\t\t\t\t<p>Nous sommes en train d&rsquo;ajouter nos autres projets, patience !<\/p>\t\t\t\t\t\t\t\t<\/div>\n\t\t\t\t<\/div>\n\t\t\t\t<\/div>\n\t\t","protected":false},"excerpt":{"rendered":"<p>Nos projets coup de coeur. \u00c0 l&rsquo;Agence Communication 360, nous cr\u00e9ons des strat\u00e9gies de communication sur mesure et des exp\u00e9riences \u00e9v\u00e9nementielles inoubliables pour valoriser votre marque et captiver votre audience. Du branding au digital, en passant par le print, la publicit\u00e9 et l\u2019\u00e9v\u00e9nementiel, nous combinons cr\u00e9ativit\u00e9 et expertise pour donner \u00e0 votre message la visibilit\u00e9 [&hellip;]<\/p>\n","protected":false},"author":1,"featured_media":0,"parent":0,"menu_order":1,"comment_status":"closed","ping_status":"closed","template":"","meta":{"om_disable_all_campaigns":false,"_monsterinsights_skip_tracking":false,"_monsterinsights_sitenote_active":false,"_monsterinsights_sitenote_note":"","_monsterinsights_sitenote_category":0,"_uf_show_specific_survey":0,"_uf_disable_surveys":false,"footnotes":""},"class_list":["post-1812","page","type-page","status-publish","hentry"],"aioseo_notices":[],"_links":{"self":[{"href":"https:\/\/agencecommunication360.com\/index.php\/wp-json\/wp\/v2\/pages\/1812","targetHints":{"allow":["GET"]}}],"collection":[{"href":"https:\/\/agencecommunication360.com\/index.php\/wp-json\/wp\/v2\/pages"}],"about":[{"href":"https:\/\/agencecommunication360.com\/index.php\/wp-json\/wp\/v2\/types\/page"}],"author":[{"embeddable":true,"href":"https:\/\/agencecommunication360.com\/index.php\/wp-json\/wp\/v2\/users\/1"}],"replies":[{"embeddable":true,"href":"https:\/\/agencecommunication360.com\/index.php\/wp-json\/wp\/v2\/comments?post=1812"}],"version-history":[{"count":108,"href":"https:\/\/agencecommunication360.com\/index.php\/wp-json\/wp\/v2\/pages\/1812\/revisions"}],"predecessor-version":[{"id":6604,"href":"https:\/\/agencecommunication360.com\/index.php\/wp-json\/wp\/v2\/pages\/1812\/revisions\/6604"}],"wp:attachment":[{"href":"https:\/\/agencecommunication360.com\/index.php\/wp-json\/wp\/v2\/media?parent=1812"}],"curies":[{"name":"wp","href":"https:\/\/api.w.org\/{rel}","templated":true}]}}